{"id":2,"date":"2025-07-24T08:35:32","date_gmt":"2025-07-24T08:35:32","guid":{"rendered":"https:\/\/gawafestival.nl\/?page_id=2"},"modified":"2025-07-25T06:29:28","modified_gmt":"2025-07-25T06:29:28","slug":"sample-page","status":"publish","type":"page","link":"https:\/\/gawafestival.nl\/","title":{"rendered":"GAWA Festival \/ 27 September &#8211; Trambaan Meijel"},"content":{"rendered":"<div class=\"theme-comingsoon\">\n    <div class=\"container\">\n        <div class=\"row justify-content-center\">\n            <div class=\"col-12 col-md-6\">\n                <div class=\"theme-comingsoon-wrapper\">\n                    <h2 class=\"theme-comingsoon-wrapper-header\">27 SEPTEMBER \/ TRAMBAAN MEIJEL<\/h2>\n                    <div class=\"theme-comingsoon-wrapper-content\"><p>Maak je klaar voor de allereerste editie van GAWA FESTIVAL!<br \/>\nEen onvergetelijke avond vol hitjes, feest en verrassingen die je absoluut niet wilt missen.<\/p>\n<p>Zet 27 september nu alvast met grote letters in je agenda, want dit wordt h\u00e9t feest waar jij en je vrienden bij m\u00f3\u00e9ten zijn!<\/p>\n<\/div>\n                    <div class=\"theme-comingsoon-wrapper-dots\">\n                        <span><\/span>\n                        <span><\/span>\n                        <span><\/span>\n                        <span><\/span>\n                        <span><\/span>\n                    <\/div>\n                    <div class=\"buttons\">\n                        <a class=\"theme-button theme-button__primary\" href=\"https:\/\/www.rdtickets.nl\/index.php?option=com_rdtickets&#038;view=event&#038;id=1442\">\n                            Koop je tickets                        <\/a>\n                        <a class=\"theme-button theme-button__secondary\" href=\"https:\/\/forms.gle\/rj2N9EtPoZ3GQLVD7\">\n                            Vrijwilliger aanmelden                        <\/a>\n                    <\/div>\n                <\/div>\n            <\/div>\n        <\/div>\n    <\/div>\n<\/div>","protected":false},"excerpt":{"rendered":"","protected":false},"author":1,"featured_media":0,"parent":0,"menu_order":0,"comment_status":"closed","ping_status":"open","template":"","meta":{"footnotes":""},"class_list":["post-2","page","type-page","status-publish","hentry"],"acf":[],"_links":{"self":[{"href":"https:\/\/gawafestival.nl\/index.php\/wp-json\/wp\/v2\/pages\/2","targetHints":{"allow":["GET"]}}],"collection":[{"href":"https:\/\/gawafestival.nl\/index.php\/wp-json\/wp\/v2\/pages"}],"about":[{"href":"https:\/\/gawafestival.nl\/index.php\/wp-json\/wp\/v2\/types\/page"}],"author":[{"embeddable":true,"href":"https:\/\/gawafestival.nl\/index.php\/wp-json\/wp\/v2\/users\/1"}],"replies":[{"embeddable":true,"href":"https:\/\/gawafestival.nl\/index.php\/wp-json\/wp\/v2\/comments?post=2"}],"version-history":[{"count":5,"href":"https:\/\/gawafestival.nl\/index.php\/wp-json\/wp\/v2\/pages\/2\/revisions"}],"predecessor-version":[{"id":30,"href":"https:\/\/gawafestival.nl\/index.php\/wp-json\/wp\/v2\/pages\/2\/revisions\/30"}],"wp:attachment":[{"href":"https:\/\/gawafestival.nl\/index.php\/wp-json\/wp\/v2\/media?parent=2"}],"curies":[{"name":"wp","href":"https:\/\/api.w.org\/{rel}","templated":true}]}}